{"id":204,"date":"2019-02-13T06:22:38","date_gmt":"2019-02-13T06:22:38","guid":{"rendered":"https:\/\/victorthemes.com\/themes\/exertion\/?page_id=204"},"modified":"2021-08-08T00:55:08","modified_gmt":"2021-08-08T00:55:08","slug":"proyectos-listados","status":"publish","type":"page","link":"https:\/\/estudioksa.com.ar\/?page_id=204","title":{"rendered":"Nuestros Proyectos"},"content":{"rendered":"<div class=\"wpb-content-wrapper\"><p>[vc_row full_width=\u00bbstretch_row_content_no_spaces\u00bb overlay_dotted=\u00bb\u00bb css=\u00bb.vc_custom_1628382373570{margin-top: 20px !important;margin-bottom: 20px !important;background-color: #262626 !important;}\u00bb][vc_column][vc_column_text css=\u00bb.vc_custom_1628382551774{padding-top: 30px !important;}\u00bb]<\/p>\n<h1 style=\"text-align: center;\"><span style=\"color: #ffffff;\">Nuestros Proyectos<\/span><\/h1>\n<p>[\/vc_column_text][\/vc_column][\/vc_row][vc_row equal_height=\u00bbyes\u00bb content_placement=\u00bbmiddle\u00bb overlay_dotted=\u00bb\u00bb][vc_column width=\u00bb1\/2&#8243;][vc_column_text]<span style=\"color: #000000;\">Nos dedicamos a la proyecci\u00f3n, direcci\u00f3n y construcci\u00f3n de obras arquitect\u00f3nicas, desde casas, negocios hasta grandes edificios, brindando soluciones integrales y respuestas concretas a los desaf\u00edos planteados. En este sentido, el estudio se convierte en un lugar de b\u00fasqueda donde se reformulan las tem\u00e1ticas convencionales de la arquitectura considerando el entorno, el clima, los factores econ\u00f3micos y personales que podr\u00edan incidir en las personas que habitar\u00e1n los espacios.<\/span><\/p>\n<p><span style=\"color: #000000;\">Conozca nuestros trabajos realizados en el men\u00fa inferior, haciendo clic en cada imagen de categor\u00eda.<\/span>[\/vc_column_text][\/vc_column][vc_column width=\u00bb1\/2&#8243;][vc_single_image image=\u00bb533&#8243; img_size=\u00bbfull\u00bb alignment=\u00bbcenter\u00bb][\/vc_column][\/vc_row][vc_row full_width=\u00bbstretch_row_content_no_spaces\u00bb overlay_dotted=\u00bb\u00bb][vc_column]<section class=\"xrton-services services-full-width service-style-one  xrton-service-69da00c4d22b7 \"><div class=\"container\"><div class=\"row\"><div class=\"service-item column-5\">\r\n                      <div class=\"xrton-image\">\r\n                        <img decoding=\"async\" src=\"https:\/\/estudioksa.com.ar\/wp-content\/uploads\/2021\/08\/SERVICIO1.jpg\" alt=\"\">\r\n                        <div class=\"service-info\">\r\n                          <div class=\"service-info-wrap\">\r\n                            <div class=\"xrton-icon\"><i class=\"fa fa-star-o\"><\/i><\/div>\r\n                            <h4 class=\"service-title\"><a href=\"https:\/\/estudioksa.com.ar\/categoria-proyecto_cat\/viviendas\/\" target=\"_self\" >CASAS<\/a><\/h4>\r\n                            <p><\/p>\r\n                            <div class=\"xrton-btns-group\"><a href=\"https:\/\/estudioksa.com.ar\/categoria-proyecto_cat\/viviendas\/\" class=\"xrton-btn xrton-transparent-btn\"><span>Ver m\u00e1s<\/span><\/a><\/div>\r\n                          <\/div>\r\n                        <\/div>\r\n                      <\/div>\r\n                    <\/div><div class=\"service-item column-5\">\r\n                      <div class=\"xrton-image\">\r\n                        <img decoding=\"async\" src=\"https:\/\/estudioksa.com.ar\/wp-content\/uploads\/2021\/07\/SERVICIO3.jpg\" alt=\"\">\r\n                        <div class=\"service-info\">\r\n                          <div class=\"service-info-wrap\">\r\n                            <div class=\"xrton-icon\"><i class=\"fa fa-star-o\"><\/i><\/div>\r\n                            <h4 class=\"service-title\"><a href=\"https:\/\/estudioksa.com.ar\/categoria-proyecto_cat\/desarrollos\/\" target=\"_self\" >DESARROLLOS<\/a><\/h4>\r\n                            <p><\/p>\r\n                            <div class=\"xrton-btns-group\"><a href=\"https:\/\/estudioksa.com.ar\/categoria-proyecto_cat\/desarrollos\/\" class=\"xrton-btn xrton-transparent-btn\"><span>Ver m\u00e1s<\/span><\/a><\/div>\r\n                          <\/div>\r\n                        <\/div>\r\n                      <\/div>\r\n                    <\/div><div class=\"service-item column-5\">\r\n                      <div class=\"xrton-image\">\r\n                        <img decoding=\"async\" src=\"https:\/\/estudioksa.com.ar\/wp-content\/uploads\/2021\/07\/SERVICIO2.jpg\" alt=\"\">\r\n                        <div class=\"service-info\">\r\n                          <div class=\"service-info-wrap\">\r\n                            <div class=\"xrton-icon\"><i class=\"fa fa-star-o\"><\/i><\/div>\r\n                            <h4 class=\"service-title\"><a href=\"https:\/\/estudioksa.com.ar\/categoria-proyecto_cat\/locales-servicios\/\" target=\"_self\" >LOCALES\/SERVICIOS<\/a><\/h4>\r\n                            <p><\/p>\r\n                            <div class=\"xrton-btns-group\"><a href=\"https:\/\/estudioksa.com.ar\/categoria-proyecto_cat\/locales-servicios\/\" class=\"xrton-btn xrton-transparent-btn\"><span>Ver m\u00e1s<\/span><\/a><\/div>\r\n                          <\/div>\r\n                        <\/div>\r\n                      <\/div>\r\n                    <\/div><div class=\"service-item column-5\">\r\n                      <div class=\"xrton-image\">\r\n                        <img decoding=\"async\" src=\"https:\/\/estudioksa.com.ar\/wp-content\/uploads\/2021\/07\/SERVICIO6.jpg\" alt=\"\">\r\n                        <div class=\"service-info\">\r\n                          <div class=\"service-info-wrap\">\r\n                            <div class=\"xrton-icon\"><i class=\"fa fa-star-o\"><\/i><\/div>\r\n                            <h4 class=\"service-title\"><a href=\"https:\/\/estudioksa.com.ar\/categoria-proyecto_cat\/obra-publica\/\" target=\"_self\" >OBRAS \/ OBRA P\u00daBLICA<\/a><\/h4>\r\n                            <p><\/p>\r\n                            <div class=\"xrton-btns-group\"><a href=\"https:\/\/estudioksa.com.ar\/categoria-proyecto_cat\/obra-publica\/\" class=\"xrton-btn xrton-transparent-btn\"><span>Ver m\u00e1s<\/span><\/a><\/div>\r\n                          <\/div>\r\n                        <\/div>\r\n                      <\/div>\r\n                    <\/div><div class=\"service-item column-5\">\r\n                      <div class=\"xrton-image\">\r\n                        <img decoding=\"async\" src=\"https:\/\/estudioksa.com.ar\/wp-content\/uploads\/2021\/07\/SERVICIO5.jpg\" alt=\"\">\r\n                        <div class=\"service-info\">\r\n                          <div class=\"service-info-wrap\">\r\n                            <div class=\"xrton-icon\"><i class=\"fa fa-star-o\"><\/i><\/div>\r\n                            <h4 class=\"service-title\"><a href=\"https:\/\/estudioksa.com.ar\/categoria-proyecto_cat\/iluminacion-redes-camaras\/\" target=\"_self\" >ILUMINACION\/REDES\/CAMARAS<\/a><\/h4>\r\n                            <p><\/p>\r\n                            <div class=\"xrton-btns-group\"><a href=\"https:\/\/estudioksa.com.ar\/categoria-proyecto_cat\/obra-publica\/\" class=\"xrton-btn xrton-transparent-btn\"><span>Ver m\u00e1s<\/span><\/a><\/div>\r\n                          <\/div>\r\n                        <\/div>\r\n                      <\/div>\r\n                    <\/div><\/div><\/div><\/section>[\/vc_column][\/vc_row][vc_row][vc_column width=\u00bb1\/3&#8243;][\/vc_column][vc_column width=\u00bb1\/3&#8243;][\/vc_column][vc_column width=\u00bb1\/3&#8243;][\/vc_column][\/vc_row]<\/p>\n<\/div>","protected":false},"excerpt":{"rendered":"[vc_row full_width=\u00bbstretch_row_content_no_spaces\u00bb overlay_dotted=\u00bb\u00bb css=\u00bb.vc_custom_1628382373570{margin-top: 20px !important;margin-bottom: 20px !important;background-color: #262626 !important;}\u00bb][vc_column][vc_column_text css=\u00bb.vc_custom_1628382551774{padding-top: 30px !important;}\u00bb] Nuestros Proyectos [\/vc_column_text][\/vc_column][\/vc_row][vc_row equal_height=\u00bbyes\u00bb content_placement=\u00bbmiddle\u00bb overlay_dotted=\u00bb\u00bb][vc_column width=\u00bb1\/2&#8243;][vc_column_text]Nos dedicamos a la proyecci\u00f3n, direcci\u00f3n y construcci\u00f3n de obras arquitect\u00f3nicas, desde casas, negocios hasta grandes edificios, brindando soluciones integrales y respuestas concretas a los desaf\u00edos planteados. En este sentido, el estudio se convierte en un [&#8230;]","protected":false},"author":1,"featured_media":715,"parent":0,"menu_order":0,"comment_status":"closed","ping_status":"closed","template":"","meta":{"om_disable_all_campaigns":false,"footnotes":""},"class_list":["post-204","page","type-page","status-publish","has-post-thumbnail","hentry"],"yoast_head":"<!-- This site is optimized with the Yoast SEO plugin v27.3 - https:\/\/yoast.com\/product\/yoast-seo-wordpress\/ -->\n<title>Nuestros Proyectos - KSA Arquitectura - Bahia Blanca<\/title>\n<meta name=\"description\" content=\"Proyecci\u00f3n, direcci\u00f3n y construcci\u00f3n de obras arquitect\u00f3nicas brindando soluciones integrales para su casa o proyecto.\" \/>\n<meta name=\"robots\" content=\"index, follow, max-snippet:-1, max-image-preview:large, max-video-preview:-1\" \/>\n<link rel=\"canonical\" href=\"https:\/\/estudioksa.com.ar\/?page_id=204\" \/>\n<meta property=\"og:locale\" content=\"es_ES\" \/>\n<meta property=\"og:type\" content=\"article\" \/>\n<meta property=\"og:title\" content=\"Nuestros Proyectos - KSA Arquitectura - Bahia Blanca\" \/>\n<meta property=\"og:description\" content=\"Proyecci\u00f3n, direcci\u00f3n y construcci\u00f3n de obras arquitect\u00f3nicas brindando soluciones integrales para su casa o proyecto.\" \/>\n<meta property=\"og:url\" content=\"https:\/\/estudioksa.com.ar\/?page_id=204\" \/>\n<meta property=\"og:site_name\" content=\"KSA Arquitectura\" \/>\n<meta property=\"article:modified_time\" content=\"2021-08-08T00:55:08+00:00\" \/>\n<meta property=\"og:image\" content=\"https:\/\/estudioksa.com.ar\/wp-content\/uploads\/2021\/07\/cropped-favi.png\" \/>\n\t<meta property=\"og:image:width\" content=\"512\" \/>\n\t<meta property=\"og:image:height\" content=\"512\" \/>\n\t<meta property=\"og:image:type\" content=\"image\/png\" \/>\n<meta name=\"twitter:card\" content=\"summary_large_image\" \/>\n<meta name=\"twitter:label1\" content=\"Tiempo de lectura\" \/>\n\t<meta name=\"twitter:data1\" content=\"1 minuto\" \/>\n<script type=\"application\/ld+json\" class=\"yoast-schema-graph\">{\"@context\":\"https:\\\/\\\/schema.org\",\"@graph\":[{\"@type\":\"WebPage\",\"@id\":\"https:\\\/\\\/estudioksa.com.ar\\\/?page_id=204\",\"url\":\"https:\\\/\\\/estudioksa.com.ar\\\/?page_id=204\",\"name\":\"Nuestros Proyectos - KSA Arquitectura - Bahia Blanca\",\"isPartOf\":{\"@id\":\"https:\\\/\\\/estudioksa.com.ar\\\/#website\"},\"primaryImageOfPage\":{\"@id\":\"https:\\\/\\\/estudioksa.com.ar\\\/?page_id=204#primaryimage\"},\"image\":{\"@id\":\"https:\\\/\\\/estudioksa.com.ar\\\/?page_id=204#primaryimage\"},\"thumbnailUrl\":\"https:\\\/\\\/estudioksa.com.ar\\\/wp-content\\\/uploads\\\/2021\\\/07\\\/cropped-favi.png\",\"datePublished\":\"2019-02-13T06:22:38+00:00\",\"dateModified\":\"2021-08-08T00:55:08+00:00\",\"description\":\"Proyecci\u00f3n, direcci\u00f3n y construcci\u00f3n de obras arquitect\u00f3nicas brindando soluciones integrales para su casa o proyecto.\",\"breadcrumb\":{\"@id\":\"https:\\\/\\\/estudioksa.com.ar\\\/?page_id=204#breadcrumb\"},\"inLanguage\":\"es\",\"potentialAction\":[{\"@type\":\"ReadAction\",\"target\":[\"https:\\\/\\\/estudioksa.com.ar\\\/?page_id=204\"]}]},{\"@type\":\"ImageObject\",\"inLanguage\":\"es\",\"@id\":\"https:\\\/\\\/estudioksa.com.ar\\\/?page_id=204#primaryimage\",\"url\":\"https:\\\/\\\/estudioksa.com.ar\\\/wp-content\\\/uploads\\\/2021\\\/07\\\/cropped-favi.png\",\"contentUrl\":\"https:\\\/\\\/estudioksa.com.ar\\\/wp-content\\\/uploads\\\/2021\\\/07\\\/cropped-favi.png\",\"width\":512,\"height\":512,\"caption\":\"casa\"},{\"@type\":\"BreadcrumbList\",\"@id\":\"https:\\\/\\\/estudioksa.com.ar\\\/?page_id=204#breadcrumb\",\"itemListElement\":[{\"@type\":\"ListItem\",\"position\":1,\"name\":\"Portada\",\"item\":\"https:\\\/\\\/estudioksa.com.ar\\\/\"},{\"@type\":\"ListItem\",\"position\":2,\"name\":\"Nuestros Proyectos\"}]},{\"@type\":\"WebSite\",\"@id\":\"https:\\\/\\\/estudioksa.com.ar\\\/#website\",\"url\":\"https:\\\/\\\/estudioksa.com.ar\\\/\",\"name\":\"KSA Arquitectura\",\"description\":\"Estudio de Arquitectura\",\"potentialAction\":[{\"@type\":\"SearchAction\",\"target\":{\"@type\":\"EntryPoint\",\"urlTemplate\":\"https:\\\/\\\/estudioksa.com.ar\\\/?s={search_term_string}\"},\"query-input\":{\"@type\":\"PropertyValueSpecification\",\"valueRequired\":true,\"valueName\":\"search_term_string\"}}],\"inLanguage\":\"es\"}]}<\/script>\n<!-- \/ Yoast SEO plugin. -->","yoast_head_json":{"title":"Nuestros Proyectos - KSA Arquitectura - Bahia Blanca","description":"Proyecci\u00f3n, direcci\u00f3n y construcci\u00f3n de obras arquitect\u00f3nicas brindando soluciones integrales para su casa o proyecto.","robots":{"index":"index","follow":"follow","max-snippet":"max-snippet:-1","max-image-preview":"max-image-preview:large","max-video-preview":"max-video-preview:-1"},"canonical":"https:\/\/estudioksa.com.ar\/?page_id=204","og_locale":"es_ES","og_type":"article","og_title":"Nuestros Proyectos - KSA Arquitectura - Bahia Blanca","og_description":"Proyecci\u00f3n, direcci\u00f3n y construcci\u00f3n de obras arquitect\u00f3nicas brindando soluciones integrales para su casa o proyecto.","og_url":"https:\/\/estudioksa.com.ar\/?page_id=204","og_site_name":"KSA Arquitectura","article_modified_time":"2021-08-08T00:55:08+00:00","og_image":[{"width":512,"height":512,"url":"https:\/\/estudioksa.com.ar\/wp-content\/uploads\/2021\/07\/cropped-favi.png","type":"image\/png"}],"twitter_card":"summary_large_image","twitter_misc":{"Tiempo de lectura":"1 minuto"},"schema":{"@context":"https:\/\/schema.org","@graph":[{"@type":"WebPage","@id":"https:\/\/estudioksa.com.ar\/?page_id=204","url":"https:\/\/estudioksa.com.ar\/?page_id=204","name":"Nuestros Proyectos - KSA Arquitectura - Bahia Blanca","isPartOf":{"@id":"https:\/\/estudioksa.com.ar\/#website"},"primaryImageOfPage":{"@id":"https:\/\/estudioksa.com.ar\/?page_id=204#primaryimage"},"image":{"@id":"https:\/\/estudioksa.com.ar\/?page_id=204#primaryimage"},"thumbnailUrl":"https:\/\/estudioksa.com.ar\/wp-content\/uploads\/2021\/07\/cropped-favi.png","datePublished":"2019-02-13T06:22:38+00:00","dateModified":"2021-08-08T00:55:08+00:00","description":"Proyecci\u00f3n, direcci\u00f3n y construcci\u00f3n de obras arquitect\u00f3nicas brindando soluciones integrales para su casa o proyecto.","breadcrumb":{"@id":"https:\/\/estudioksa.com.ar\/?page_id=204#breadcrumb"},"inLanguage":"es","potentialAction":[{"@type":"ReadAction","target":["https:\/\/estudioksa.com.ar\/?page_id=204"]}]},{"@type":"ImageObject","inLanguage":"es","@id":"https:\/\/estudioksa.com.ar\/?page_id=204#primaryimage","url":"https:\/\/estudioksa.com.ar\/wp-content\/uploads\/2021\/07\/cropped-favi.png","contentUrl":"https:\/\/estudioksa.com.ar\/wp-content\/uploads\/2021\/07\/cropped-favi.png","width":512,"height":512,"caption":"casa"},{"@type":"BreadcrumbList","@id":"https:\/\/estudioksa.com.ar\/?page_id=204#breadcrumb","itemListElement":[{"@type":"ListItem","position":1,"name":"Portada","item":"https:\/\/estudioksa.com.ar\/"},{"@type":"ListItem","position":2,"name":"Nuestros Proyectos"}]},{"@type":"WebSite","@id":"https:\/\/estudioksa.com.ar\/#website","url":"https:\/\/estudioksa.com.ar\/","name":"KSA Arquitectura","description":"Estudio de Arquitectura","potentialAction":[{"@type":"SearchAction","target":{"@type":"EntryPoint","urlTemplate":"https:\/\/estudioksa.com.ar\/?s={search_term_string}"},"query-input":{"@type":"PropertyValueSpecification","valueRequired":true,"valueName":"search_term_string"}}],"inLanguage":"es"}]}},"brizy_media":[],"_links":{"self":[{"href":"https:\/\/estudioksa.com.ar\/index.php?rest_route=\/wp\/v2\/pages\/204","targetHints":{"allow":["GET"]}}],"collection":[{"href":"https:\/\/estudioksa.com.ar\/index.php?rest_route=\/wp\/v2\/pages"}],"about":[{"href":"https:\/\/estudioksa.com.ar\/index.php?rest_route=\/wp\/v2\/types\/page"}],"author":[{"embeddable":true,"href":"https:\/\/estudioksa.com.ar\/index.php?rest_route=\/wp\/v2\/users\/1"}],"replies":[{"embeddable":true,"href":"https:\/\/estudioksa.com.ar\/index.php?rest_route=%2Fwp%2Fv2%2Fcomments&post=204"}],"version-history":[{"count":18,"href":"https:\/\/estudioksa.com.ar\/index.php?rest_route=\/wp\/v2\/pages\/204\/revisions"}],"predecessor-version":[{"id":773,"href":"https:\/\/estudioksa.com.ar\/index.php?rest_route=\/wp\/v2\/pages\/204\/revisions\/773"}],"wp:featuredmedia":[{"embeddable":true,"href":"https:\/\/estudioksa.com.ar\/index.php?rest_route=\/wp\/v2\/media\/715"}],"wp:attachment":[{"href":"https:\/\/estudioksa.com.ar\/index.php?rest_route=%2Fwp%2Fv2%2Fmedia&parent=204"}],"curies":[{"name":"wp","href":"https:\/\/api.w.org\/{rel}","templated":true}]}}